{"id":5364,"date":"2021-12-08T09:33:12","date_gmt":"2021-12-08T14:33:12","guid":{"rendered":"https:\/\/congresos.feyalegria.org\/?page_id=5364"},"modified":"2021-12-08T09:33:12","modified_gmt":"2021-12-08T14:33:12","slug":"equipe-de-promotion","status":"publish","type":"page","link":"https:\/\/congreso2021.feyalegria.org\/fr\/equipe-de-promotion\/","title":{"rendered":"\u00c9quipe de promotion"},"content":{"rendered":"<div class=\"wpb-content-wrapper\"><p>[vc_row][vc_column]\n\t\t\t<!-- START Equipo Promotor REVOLUTION SLIDER 6.7.28 --><p class=\"rs-p-wp-fix\"><\/p>\n\t\t\t<rs-module-wrap id=\"rev_slider_25_1_wrapper\" data-source=\"gallery\" style=\"visibility:hidden;background:transparent;padding:0;margin:0px auto;margin-top:0;margin-bottom:0;\">\n\t\t\t\t<rs-module id=\"rev_slider_25_1\" style=\"\" data-version=\"6.7.28\">\n\t\t\t\t\t<rs-slides style=\"overflow: hidden; position: absolute;\">\n\t\t\t\t\t\t<rs-slide style=\"position: absolute;\" data-key=\"rs-36\" data-title=\"Slide\" data-anim=\"adpr:false;\" data-in=\"o:0;\" data-out=\"a:false;\">\n\t\t\t\t\t\t\t<img decoding=\"async\" src=\"\/\/congreso2021.feyalegria.org\/wp-content\/plugins\/revslider\/sr6\/assets\/assets\/dummy.png\" alt=\"\" title=\"BANNER CONGRESO BASE SIN CORE\" width=\"2560\" height=\"862\" class=\"rev-slidebg tp-rs-img rs-lazyload\" data-lazyload=\"\/\/congresos.feyalegria.org\/wp-content\/uploads\/2021\/04\/BANNER-CONGRESO-BASE-SIN-CORE-scaled.jpg\" data-bg=\"p:center bottom;\" data-no-retina>\n<!--\n\t\t\t\t\t\t\t--><rs-layer\n\t\t\t\t\t\t\t\tid=\"slider-25-slide-36-layer-0\" \n\t\t\t\t\t\t\t\tdata-type=\"text\"\n\t\t\t\t\t\t\t\tdata-color=\"#d62626\"\n\t\t\t\t\t\t\t\tdata-rsp_ch=\"on\"\n\t\t\t\t\t\t\t\tdata-xy=\"x:310px;y:c;yo:-57px;\"\n\t\t\t\t\t\t\t\tdata-text=\"w:normal;s:39;l:37;ls:2;fw:700;a:center;\"\n\t\t\t\t\t\t\t\tdata-dim=\"w:442;\"\n\t\t\t\t\t\t\t\tdata-frame_999=\"o:0;st:w;\"\n\t\t\t\t\t\t\t\tstyle=\"z-index:8;font-family:'Montserrat';\"\n\t\t\t\t\t\t\t>Documentos finales \n\t\t\t\t\t\t\t<\/rs-layer><!--\n-->\t\t\t\t\t<\/rs-slide>\n\t\t\t\t\t<\/rs-slides>\n\t\t\t\t<\/rs-module>\n\t\t\t\t<script>\n\t\t\t\t\tsetREVStartSize({c: 'rev_slider_25_1',rl:[1240,1024,778,480],el:[500],gw:[1450],gh:[500],type:'standard',justify:'',layout:'fullwidth',mh:\"0\"});if (window.RS_MODULES!==undefined && window.RS_MODULES.modules!==undefined && window.RS_MODULES.modules[\"revslider251\"]!==undefined) {window.RS_MODULES.modules[\"revslider251\"].once = false;window.revapi25 = undefined;if (window.RS_MODULES.checkMinimal!==undefined) window.RS_MODULES.checkMinimal()}\n\t\t\t\t<\/script>\n\t\t\t<\/rs-module-wrap>\n\t\t\t<!-- END REVOLUTION SLIDER -->\n<div style=\"background-color:;height: 80px\" class=\"nicdark_section  \"><\/div>[\/vc_column][\/vc_row][vc_row][vc_column][vc_tta_tabs style=\u00a0\u00bbmodern\u00a0\u00bb shape=\u00a0\u00bbround\u00a0\u00bb alignment=\u00a0\u00bbcenter\u00a0\u00bb active_section=\u00a0\u00bb1&Prime;][vc_tta_section title=\u00a0\u00bbCoordination g\u00e9n\u00e9rale du Congr\u00e8s\u00a0\u00bb tab_id=\u00a0\u00bb1615856735504-2b0c7628-b84a\u00a0\u00bb][vc_row_inner css=\u00a0\u00bb.vc_custom_1616118743621{padding-top: 40px !important;}\u00a0\u00bb][vc_column_inner width=\u00a0\u00bb1\/3&Prime;][vc_single_image image=\u00a0\u00bb4721&Prime; img_size=\u00a0\u00bb150&Prime; alignment=\u00a0\u00bbcenter\u00a0\u00bb style=\u00a0\u00bbvc_box_circle_2&Prime;][vc_column_text]<\/p>\n<h4 style=\"text-align: center;\"><span style=\"color: #333333;\"><strong>P. Carlos Fritzen, S.J.<\/strong><\/span><\/h4>\n<p>&nbsp;<\/p>\n<h5 style=\"text-align: center; font-weight: normal;\">Coordinateur g\u00e9n\u00e9ral<\/h5>\n<h5 style=\"text-align: center; font-weight: normal;\">Federaci\u00f3n Internacional Fe y Alegr\u00eda<\/h5>\n<p>[\/vc_column_text][\/vc_column_inner][vc_column_inner width=\u00a0\u00bb1\/3&Prime;][vc_single_image image=\u00a0\u00bb3313&Prime; img_size=\u00a0\u00bb150&Prime; alignment=\u00a0\u00bbcenter\u00a0\u00bb style=\u00a0\u00bbvc_box_circle_2&Prime;][vc_column_text]<\/p>\n<h5 style=\"text-align: center;\"><span style=\"color: #333333;\"><strong>Gerardo Lombardi (C) &#8211; Somarick Roca<\/strong><\/span><\/h5>\n<h5 style=\"text-align: center;\"><span style=\"color: #333333;\"><strong>P. Marco T. G\u00f3mez, S.J.&nbsp; &#8211; Robby Ospina<\/strong><\/span><\/h5>\n<p>&nbsp;<\/p>\n<h5 style=\"text-align: center; font-weight: normal;\">\u00c9quipe du Secr\u00e9tariat ex\u00e9cutif<\/h5>\n<h5 style=\"text-align: center; font-weight: normal;\">Federaci\u00f3n Internacional Fe y Alegr\u00eda<\/h5>\n<p>[\/vc_column_text][\/vc_column_inner][vc_column_inner width=\u00a0\u00bb1\/3&Prime;][vc_single_image image=\u00a0\u00bb2645&Prime; img_size=\u00a0\u00bb150&Prime; alignment=\u00a0\u00bbcenter\u00a0\u00bb style=\u00a0\u00bbvc_box_circle_2&Prime;][vc_column_text]<\/p>\n<h4 style=\"text-align: center;\"><span style=\"color: #333333;\"><strong>V\u00edctor Murillo<\/strong><\/span><\/h4>\n<p>&nbsp;<\/p>\n<h5 style=\"text-align: center; font-weight: normal;\">Directeur Fe y Alegria en Colombie<\/h5>\n<p>[\/vc_column_text][\/vc_column_inner][\/vc_row_inner][\/vc_tta_section][vc_tta_section title=\u00a0\u00bbComit\u00e9 organisateur du Congr\u00e8s\u00a0\u00bb tab_id=\u00a0\u00bb1616119038622-aeb0992a-332a\u00a0\u00bb][vc_row_inner css=\u00a0\u00bb.vc_custom_1616118743621{padding-top: 40px !important;}\u00a0\u00bb][vc_column_inner width=\u00a0\u00bb1\/3&Prime;][vc_single_image image=\u00a0\u00bb2649&Prime; img_size=\u00a0\u00bb150&Prime; alignment=\u00a0\u00bbcenter\u00a0\u00bb style=\u00a0\u00bbvc_box_circle_2&Prime;][vc_column_text]<\/p>\n<h4 style=\"text-align: center;\"><span style=\"color: #333333;\"><b>Jaime Benjumea<\/b><\/span><\/h4>\n<p>&nbsp;<\/p>\n<h5 style=\"text-align: center; font-weight: normal;\">Colombia &#8211; Coordinateur de la commission<\/h5>\n<p>[\/vc_column_text][\/vc_column_inner][vc_column_inner width=\u00a0\u00bb1\/3&Prime;][vc_single_image image=\u00a0\u00bb2561&Prime; img_size=\u00a0\u00bb150&Prime; alignment=\u00a0\u00bbcenter\u00a0\u00bb style=\u00a0\u00bbvc_box_circle_2&Prime;][vc_column_text]<\/p>\n<h4 style=\"text-align: center;\"><span style=\"color: #333333;\"><strong>Gehiomara Cede\u00f1o<\/strong><\/span><\/h4>\n<p>&nbsp;<\/p>\n<h5 style=\"text-align: center; font-weight: normal;\">Ecuador &#8211; Federaci\u00f3n Internacional<\/h5>\n<p>[\/vc_column_text][\/vc_column_inner][vc_column_inner width=\u00a0\u00bb1\/3&Prime;][vc_single_image image=\u00a0\u00bb2545&Prime; img_size=\u00a0\u00bb150&Prime; alignment=\u00a0\u00bbcenter\u00a0\u00bb style=\u00a0\u00bbvc_box_circle_2&Prime;][vc_column_text]<\/p>\n<h4 style=\"text-align: center;\"><span style=\"color: #333333;\"><strong>Gerardo Lombardi<\/strong><\/span><\/h4>\n<p>&nbsp;<\/p>\n<h5 style=\"text-align: center; font-weight: normal;\">Venezuela &#8211; Federaci\u00f3n Internacional<\/h5>\n<p>[\/vc_column_text][\/vc_column_inner][\/vc_row_inner][vc_row_inner css=\u00a0\u00bb.vc_custom_1616118743621{padding-top: 40px !important;}\u00a0\u00bb][vc_column_inner width=\u00a0\u00bb1\/3&Prime;][vc_single_image image=\u00a0\u00bb2699&Prime; img_size=\u00a0\u00bb150&Prime; alignment=\u00a0\u00bbcenter\u00a0\u00bb style=\u00a0\u00bbvc_box_circle_2&Prime;][vc_column_text]<\/p>\n<h4 style=\"text-align: center;\"><span style=\"color: #333333;\"><b>Yenifer L\u00f3pez<\/b><\/span><\/h4>\n<p>&nbsp;<\/p>\n<h5 style=\"text-align: center; font-weight: normal;\">Espa\u00f1a<\/h5>\n<p>[\/vc_column_text][\/vc_column_inner][vc_column_inner width=\u00a0\u00bb1\/3&Prime;][vc_single_image image=\u00a0\u00bb2575&Prime; img_size=\u00a0\u00bb150&Prime; alignment=\u00a0\u00bbcenter\u00a0\u00bb style=\u00a0\u00bbvc_box_circle_2&Prime;][vc_column_text]<\/p>\n<h4 style=\"text-align: center;\"><span style=\"color: #333333;\"><strong>Beatriz Borjas<\/strong><\/span><\/h4>\n<p>&nbsp;<\/p>\n<h5 style=\"text-align: center; font-weight: normal;\">Venezuela<\/h5>\n<p>[\/vc_column_text][\/vc_column_inner][vc_column_inner width=\u00a0\u00bb1\/3&Prime;][vc_single_image image=\u00a0\u00bb2569&Prime; img_size=\u00a0\u00bb150&Prime; alignment=\u00a0\u00bbcenter\u00a0\u00bb style=\u00a0\u00bbvc_box_circle_2&Prime;][vc_column_text]<\/p>\n<h4 style=\"text-align: center;\"><span style=\"color: #333333;\"><strong>Wendy P\u00e9rez<\/strong><\/span><\/h4>\n<p>&nbsp;<\/p>\n<h5 style=\"text-align: center; font-weight: normal;\">Centroam\u00e9rica<\/h5>\n<p>[\/vc_column_text][\/vc_column_inner][\/vc_row_inner][vc_row_inner css=\u00a0\u00bb.vc_custom_1616118743621{padding-top: 40px !important;}\u00a0\u00bb][vc_column_inner width=\u00a0\u00bb1\/3&Prime;][vc_single_image image=\u00a0\u00bb2670&Prime; img_size=\u00a0\u00bb150&Prime; alignment=\u00a0\u00bbcenter\u00a0\u00bb style=\u00a0\u00bbvc_box_circle_2&Prime;][vc_column_text]<\/p>\n<h4 style=\"text-align: center;\"><span style=\"color: #333333;\"><b>Mara Romero<\/b><\/span><\/h4>\n<p>&nbsp;<\/p>\n<h5 style=\"text-align: center; font-weight: normal;\">Argentina<\/h5>\n<p>[\/vc_column_text][\/vc_column_inner][vc_column_inner width=\u00a0\u00bb1\/3&Prime;][vc_single_image image=\u00a0\u00bb2691&Prime; img_size=\u00a0\u00bb150&Prime; alignment=\u00a0\u00bbcenter\u00a0\u00bb style=\u00a0\u00bbvc_box_circle_2&Prime;][vc_column_text]<\/p>\n<h4 style=\"text-align: center;\"><span style=\"color: #333333;\"><strong>P. Alfred Kiteso, S.J.<\/strong><\/span><\/h4>\n<p>&nbsp;<\/p>\n<h5 style=\"text-align: center; font-weight: normal;\">RD. Congo<\/h5>\n<p>&nbsp;[\/vc_column_text][\/vc_column_inner][vc_column_inner width=\u00a0\u00bb1\/3&Prime;][vc_single_image image=\u00a0\u00bb2685&Prime; img_size=\u00a0\u00bb150&Prime; alignment=\u00a0\u00bbcenter\u00a0\u00bb style=\u00a0\u00bbvc_box_circle_2&Prime;][vc_column_text]<\/p>\n<h4 style=\"text-align: center;\"><span style=\"color: #333333;\"><strong>P. Maximiliano Koch, S.J.<\/strong><\/span><\/h4>\n<p>&nbsp;<\/p>\n<h5 style=\"text-align: center; font-weight: normal;\">Argentina<\/h5>\n<p>&nbsp;[\/vc_column_text][\/vc_column_inner][\/vc_row_inner][\/vc_tta_section][vc_tta_section title=\u00a0\u00bbComit\u00e9 de la communication et de la technologie\u00a0\u00bb tab_id=\u00a0\u00bb1616120373406-5c35b09d-98ef\u00a0\u00bb][vc_row_inner css=\u00a0\u00bb.vc_custom_1616118743621{padding-top: 40px !important;}\u00a0\u00bb][vc_column_inner width=\u00a0\u00bb1\/3&Prime;][vc_single_image image=\u00a0\u00bb2703&Prime; img_size=\u00a0\u00bb150&Prime; alignment=\u00a0\u00bbcenter\u00a0\u00bb style=\u00a0\u00bbvc_box_circle_2&Prime;][vc_column_text]<\/p>\n<h4 style=\"text-align: center;\"><span style=\"color: #333333;\"><b>Juli\u00e1n Campos<\/b><\/span><\/h4>\n<p>&nbsp;<\/p>\n<h5 style=\"text-align: center; font-weight: normal;\">Colombia &#8211; Fe y Alegr\u00eda<\/h5>\n<p>[\/vc_column_text][\/vc_column_inner][vc_column_inner width=\u00a0\u00bb1\/3&Prime;][vc_single_image image=\u00a0\u00bb2640&Prime; img_size=\u00a0\u00bb150&Prime; alignment=\u00a0\u00bbcenter\u00a0\u00bb style=\u00a0\u00bbvc_box_circle_2&Prime;][vc_column_text]<\/p>\n<h4 style=\"text-align: center;\"><span style=\"color: #333333;\"><strong>Mar\u00eda Fernanda Vinueza<\/strong><\/span><\/h4>\n<p>&nbsp;<\/p>\n<h5 style=\"text-align: center; font-weight: normal;\">Colombia &#8211; Fe y Alegr\u00eda<\/h5>\n<p>[\/vc_column_text][\/vc_column_inner][vc_column_inner width=\u00a0\u00bb1\/3&Prime;][vc_single_image image=\u00a0\u00bb2657&Prime; img_size=\u00a0\u00bb150&Prime; alignment=\u00a0\u00bbcenter\u00a0\u00bb style=\u00a0\u00bbvc_box_circle_2&Prime;][vc_column_text]<\/p>\n<h4 style=\"text-align: center;\"><span style=\"color: #333333;\"><strong>Mar\u00eda Paula Arango<\/strong><\/span><\/h4>\n<p>&nbsp;<\/p>\n<h5 style=\"text-align: center; font-weight: normal;\">Colombia &#8211; Federaci\u00f3n Internacional<\/h5>\n<p>[\/vc_column_text][\/vc_column_inner][\/vc_row_inner][vc_row_inner css=\u00a0\u00bb.vc_custom_1616118743621{padding-top: 40px !important;}\u00a0\u00bb][vc_column_inner width=\u00a0\u00bb1\/3&Prime;][vc_single_image image=\u00a0\u00bb2661&Prime; img_size=\u00a0\u00bb150&Prime; alignment=\u00a0\u00bbcenter\u00a0\u00bb style=\u00a0\u00bbvc_box_circle_2&Prime;][vc_column_text]<\/p>\n<h4 style=\"text-align: center;\"><span style=\"color: #333333;\"><b>Jos\u00e9 Ignacio Peraza<\/b><\/span><\/h4>\n<p>&nbsp;<\/p>\n<h5 style=\"text-align: center; font-weight: normal;\">Colombia &#8211; Federaci\u00f3n Internacional<\/h5>\n<p>[\/vc_column_text][\/vc_column_inner][vc_column_inner width=\u00a0\u00bb1\/3&Prime;][vc_single_image image=\u00a0\u00bb3387&Prime; img_size=\u00a0\u00bb150&Prime; alignment=\u00a0\u00bbcenter\u00a0\u00bb style=\u00a0\u00bbvc_box_circle_2&Prime;][vc_column_text]<\/p>\n<h4 style=\"text-align: center;\"><span style=\"color: #333333;\"><strong>Erika Brice\u00f1o<\/strong><\/span><\/h4>\n<p>&nbsp;<\/p>\n<h5 style=\"text-align: center; font-weight: normal;\">Venezuela &#8211; Federaci\u00f3n Internacional<\/h5>\n<p>[\/vc_column_text][\/vc_column_inner][vc_column_inner width=\u00a0\u00bb1\/3&Prime;][vc_single_image image=\u00a0\u00bb3372&Prime; img_size=\u00a0\u00bb150&Prime; alignment=\u00a0\u00bbcenter\u00a0\u00bb style=\u00a0\u00bbvc_box_circle_2&Prime;][vc_column_text]<\/p>\n<h4 style=\"text-align: center;\"><span style=\"color: #333333;\"><strong>Maximiliano Burgos<\/strong><\/span><\/h4>\n<p>&nbsp;<\/p>\n<h5 style=\"text-align: center; font-weight: normal;\">Argentina &#8211; Federaci\u00f3n Internacional<\/h5>\n<p>[\/vc_column_text][\/vc_column_inner][\/vc_row_inner][vc_row_inner css=\u00a0\u00bb.vc_custom_1616118743621{padding-top: 40px !important;}\u00a0\u00bb][vc_column_inner width=\u00a0\u00bb1\/6&Prime;][\/vc_column_inner][vc_column_inner width=\u00a0\u00bb1\/3&Prime;][vc_single_image image=\u00a0\u00bb2545&Prime; img_size=\u00a0\u00bb150&Prime; alignment=\u00a0\u00bbcenter\u00a0\u00bb style=\u00a0\u00bbvc_box_circle_2&Prime;][vc_column_text]<\/p>\n<h4 style=\"text-align: center;\"><span style=\"color: #333333;\"><strong>Gerardo Lombardi<\/strong><\/span><\/h4>\n<p>&nbsp;<\/p>\n<h5 style=\"text-align: center; font-weight: normal;\">Venezuela &#8211; Federaci\u00f3n Internacional<\/h5>\n<p>[\/vc_column_text][\/vc_column_inner][vc_column_inner width=\u00a0\u00bb1\/3&Prime;][vc_single_image image=\u00a0\u00bb3517&Prime; img_size=\u00a0\u00bb150&Prime; alignment=\u00a0\u00bbcenter\u00a0\u00bb style=\u00a0\u00bbvc_box_circle_2&Prime;][vc_column_text]<\/p>\n<h4 style=\"text-align: center;\"><span style=\"color: #333333;\"><strong>H\u00e9ctor Escandell<\/strong><\/span><\/h4>\n<p>&nbsp;<\/p>\n<h5 style=\"text-align: center; font-weight: normal;\">Venezuela &#8211; Federaci\u00f3n Internacional<\/h5>\n<p>&nbsp;[\/vc_column_text][\/vc_column_inner][vc_column_inner width=\u00a0\u00bb1\/6&Prime;][\/vc_column_inner][\/vc_row_inner][\/vc_tta_section][\/vc_tta_tabs][\/vc_column][\/vc_row]<\/p>\n<\/div>","protected":false},"excerpt":{"rendered":"<p>[vc_row][vc_column][\/vc_column][\/vc_row][vc_row][vc_column][vc_tta_tabs style=\u00a0\u00bbmodern\u00a0\u00bb shape=\u00a0\u00bbround\u00a0\u00bb alignment=\u00a0\u00bbcenter\u00a0\u00bb active_section=\u00a0\u00bb1&Prime;][vc_tta_section title=\u00a0\u00bbCoordination g\u00e9n\u00e9rale du Congr\u00e8s\u00a0\u00bb tab_id=\u00a0\u00bb1615856735504-2b0c7628-b84a\u00a0\u00bb][vc_row_inner css=\u00a0\u00bb.vc_custom_1616118743621{padding-top: 40px !important;}\u00a0\u00bb][vc_column_inner width=\u00a0\u00bb1\/3&Prime;][vc_single_image image=\u00a0\u00bb4721&Prime; img_size=\u00a0\u00bb150&Prime; alignment=\u00a0\u00bbcenter\u00a0\u00bb style=\u00a0\u00bbvc_box_circle_2&Prime;][vc_column_text] P. Carlos Fritzen, S.J. &nbsp; Coordinateur g\u00e9n\u00e9ral Federaci\u00f3n Internacional Fe y Alegr\u00eda [\/vc_column_text][\/vc_column_inner][vc_column_inner width=\u00a0\u00bb1\/3&Prime;][vc_single_image image=\u00a0\u00bb3313&Prime; img_size=\u00a0\u00bb150&Prime; alignment=\u00a0\u00bbcenter\u00a0\u00bb style=\u00a0\u00bbvc_box_circle_2&Prime;][vc_column_text] Gerardo Lombardi (C) &#8211; Somarick Roca P. Marco T. G\u00f3mez, S.J.&nbsp; &#8211; Robby Ospina &nbsp; \u00c9quipe du Secr\u00e9tariat ex\u00e9cutif<\/p>\n","protected":false},"author":1,"featured_media":0,"parent":0,"menu_order":0,"comment_status":"closed","ping_status":"closed","template":"","meta":{"footnotes":""},"class_list":["post-5364","page","type-page","status-publish","hentry"],"yoast_head":"<!-- This site is optimized with the Yoast SEO plugin v24.5 - https:\/\/yoast.com\/wordpress\/plugins\/seo\/ -->\n<title>\u00c9quipe de promotion - XLVIII Congreso de la Federaci\u00f3n Internacional de Fe y Alegr\u00eda<\/title>\n<meta name=\"robots\" content=\"index, follow, max-snippet:-1, max-image-preview:large, max-video-preview:-1\" \/>\n<link rel=\"canonical\" href=\"https:\/\/congreso2021.feyalegria.org\/fr\/equipe-de-promotion\/\" \/>\n<meta property=\"og:locale\" content=\"fr_FR\" \/>\n<meta property=\"og:type\" content=\"article\" \/>\n<meta property=\"og:title\" content=\"\u00c9quipe de promotion - XLVIII Congreso de la Federaci\u00f3n Internacional de Fe y Alegr\u00eda\" \/>\n<meta property=\"og:description\" content=\"[vc_row][vc_column][\/vc_column][\/vc_row][vc_row][vc_column][vc_tta_tabs style=\u00a0\u00bbmodern\u00a0\u00bb shape=\u00a0\u00bbround\u00a0\u00bb alignment=\u00a0\u00bbcenter\u00a0\u00bb active_section=\u00a0\u00bb1&Prime;][vc_tta_section title=\u00a0\u00bbCoordination g\u00e9n\u00e9rale du Congr\u00e8s\u00a0\u00bb tab_id=\u00a0\u00bb1615856735504-2b0c7628-b84a\u00a0\u00bb][vc_row_inner css=\u00a0\u00bb.vc_custom_1616118743621{padding-top: 40px !important;}\u00a0\u00bb][vc_column_inner width=\u00a0\u00bb1\/3&Prime;][vc_single_image image=\u00a0\u00bb4721&Prime; img_size=\u00a0\u00bb150&Prime; alignment=\u00a0\u00bbcenter\u00a0\u00bb style=\u00a0\u00bbvc_box_circle_2&Prime;][vc_column_text] P. Carlos Fritzen, S.J. &nbsp; Coordinateur g\u00e9n\u00e9ral Federaci\u00f3n Internacional Fe y Alegr\u00eda [\/vc_column_text][\/vc_column_inner][vc_column_inner width=\u00a0\u00bb1\/3&Prime;][vc_single_image image=\u00a0\u00bb3313&Prime; img_size=\u00a0\u00bb150&Prime; alignment=\u00a0\u00bbcenter\u00a0\u00bb style=\u00a0\u00bbvc_box_circle_2&Prime;][vc_column_text] Gerardo Lombardi (C) &#8211; Somarick Roca P. Marco T. G\u00f3mez, S.J.&nbsp; &#8211; Robby Ospina &nbsp; \u00c9quipe du Secr\u00e9tariat ex\u00e9cutif\" \/>\n<meta property=\"og:url\" content=\"https:\/\/congreso2021.feyalegria.org\/fr\/equipe-de-promotion\/\" \/>\n<meta property=\"og:site_name\" content=\"XLVIII Congreso de la Federaci\u00f3n Internacional de Fe y Alegr\u00eda\" \/>\n<meta property=\"og:image\" content=\"https:\/\/congreso2021.feyalegria.org\/wp-content\/uploads\/2021\/10\/Lapiz-1.jpg\" \/>\n\t<meta property=\"og:image:width\" content=\"1200\" \/>\n\t<meta property=\"og:image:height\" content=\"630\" \/>\n\t<meta property=\"og:image:type\" content=\"image\/jpeg\" \/>\n<meta name=\"twitter:card\" content=\"summary_large_image\" \/>\n<meta name=\"twitter:image\" content=\"https:\/\/congreso2021.feyalegria.org\/wp-content\/uploads\/2021\/10\/Lapiz-1.jpg\" \/>\n<meta name=\"twitter:label1\" content=\"Dur\u00e9e de lecture estim\u00e9e\" \/>\n\t<meta name=\"twitter:data1\" content=\"2 minutes\" \/>\n<script type=\"application\/ld+json\" class=\"yoast-schema-graph\">{\"@context\":\"https:\/\/schema.org\",\"@graph\":[{\"@type\":\"WebPage\",\"@id\":\"https:\/\/congreso2021.feyalegria.org\/fr\/equipe-de-promotion\/\",\"url\":\"https:\/\/congreso2021.feyalegria.org\/fr\/equipe-de-promotion\/\",\"name\":\"\u00c9quipe de promotion - XLVIII Congreso de la Federaci\u00f3n Internacional de Fe y Alegr\u00eda\",\"isPartOf\":{\"@id\":\"https:\/\/congreso2021.feyalegria.org\/fr\/#website\"},\"datePublished\":\"2021-12-08T14:33:12+00:00\",\"breadcrumb\":{\"@id\":\"https:\/\/congreso2021.feyalegria.org\/fr\/equipe-de-promotion\/#breadcrumb\"},\"inLanguage\":\"fr-FR\",\"potentialAction\":[{\"@type\":\"ReadAction\",\"target\":[\"https:\/\/congreso2021.feyalegria.org\/fr\/equipe-de-promotion\/\"]}]},{\"@type\":\"BreadcrumbList\",\"@id\":\"https:\/\/congreso2021.feyalegria.org\/fr\/equipe-de-promotion\/#breadcrumb\",\"itemListElement\":[{\"@type\":\"ListItem\",\"position\":1,\"name\":\"Home\",\"item\":\"https:\/\/congreso2021.feyalegria.org\/fr\/\"},{\"@type\":\"ListItem\",\"position\":2,\"name\":\"\u00c9quipe de promotion\"}]},{\"@type\":\"WebSite\",\"@id\":\"https:\/\/congreso2021.feyalegria.org\/fr\/#website\",\"url\":\"https:\/\/congreso2021.feyalegria.org\/fr\/\",\"name\":\"XLVIII Congreso de la Federaci\u00f3n Internacional de Fe y Alegr\u00eda\",\"description\":\"#SomosFeyAlegria, movimiento global. Educamos en las fronteras. 28 de septiembre - 1 de octubre.\",\"publisher\":{\"@id\":\"https:\/\/congreso2021.feyalegria.org\/fr\/#organization\"},\"potentialAction\":[{\"@type\":\"SearchAction\",\"target\":{\"@type\":\"EntryPoint\",\"urlTemplate\":\"https:\/\/congreso2021.feyalegria.org\/fr\/?s={search_term_string}\"},\"query-input\":{\"@type\":\"PropertyValueSpecification\",\"valueRequired\":true,\"valueName\":\"search_term_string\"}}],\"inLanguage\":\"fr-FR\"},{\"@type\":\"Organization\",\"@id\":\"https:\/\/congreso2021.feyalegria.org\/fr\/#organization\",\"name\":\"XLVIII Congreso de la Federaci\u00f3n Internacional de Fe y Alegr\u00eda\",\"url\":\"https:\/\/congreso2021.feyalegria.org\/fr\/\",\"logo\":{\"@type\":\"ImageObject\",\"inLanguage\":\"fr-FR\",\"@id\":\"https:\/\/congreso2021.feyalegria.org\/fr\/#\/schema\/logo\/image\/\",\"url\":\"https:\/\/congresos.feyalegria.org\/wp-content\/uploads\/2021\/10\/Lapiz-1.jpg\",\"contentUrl\":\"https:\/\/congresos.feyalegria.org\/wp-content\/uploads\/2021\/10\/Lapiz-1.jpg\",\"width\":1200,\"height\":630,\"caption\":\"XLVIII Congreso de la Federaci\u00f3n Internacional de Fe y Alegr\u00eda\"},\"image\":{\"@id\":\"https:\/\/congreso2021.feyalegria.org\/fr\/#\/schema\/logo\/image\/\"}}]}<\/script>\n<!-- \/ Yoast SEO plugin. -->","yoast_head_json":{"title":"\u00c9quipe de promotion - XLVIII Congreso de la Federaci\u00f3n Internacional de Fe y Alegr\u00eda","robots":{"index":"index","follow":"follow","max-snippet":"max-snippet:-1","max-image-preview":"max-image-preview:large","max-video-preview":"max-video-preview:-1"},"canonical":"https:\/\/congreso2021.feyalegria.org\/fr\/equipe-de-promotion\/","og_locale":"fr_FR","og_type":"article","og_title":"\u00c9quipe de promotion - XLVIII Congreso de la Federaci\u00f3n Internacional de Fe y Alegr\u00eda","og_description":"[vc_row][vc_column][\/vc_column][\/vc_row][vc_row][vc_column][vc_tta_tabs style=\u00a0\u00bbmodern\u00a0\u00bb shape=\u00a0\u00bbround\u00a0\u00bb alignment=\u00a0\u00bbcenter\u00a0\u00bb active_section=\u00a0\u00bb1&Prime;][vc_tta_section title=\u00a0\u00bbCoordination g\u00e9n\u00e9rale du Congr\u00e8s\u00a0\u00bb tab_id=\u00a0\u00bb1615856735504-2b0c7628-b84a\u00a0\u00bb][vc_row_inner css=\u00a0\u00bb.vc_custom_1616118743621{padding-top: 40px !important;}\u00a0\u00bb][vc_column_inner width=\u00a0\u00bb1\/3&Prime;][vc_single_image image=\u00a0\u00bb4721&Prime; img_size=\u00a0\u00bb150&Prime; alignment=\u00a0\u00bbcenter\u00a0\u00bb style=\u00a0\u00bbvc_box_circle_2&Prime;][vc_column_text] P. Carlos Fritzen, S.J. &nbsp; Coordinateur g\u00e9n\u00e9ral Federaci\u00f3n Internacional Fe y Alegr\u00eda [\/vc_column_text][\/vc_column_inner][vc_column_inner width=\u00a0\u00bb1\/3&Prime;][vc_single_image image=\u00a0\u00bb3313&Prime; img_size=\u00a0\u00bb150&Prime; alignment=\u00a0\u00bbcenter\u00a0\u00bb style=\u00a0\u00bbvc_box_circle_2&Prime;][vc_column_text] Gerardo Lombardi (C) &#8211; Somarick Roca P. Marco T. G\u00f3mez, S.J.&nbsp; &#8211; Robby Ospina &nbsp; \u00c9quipe du Secr\u00e9tariat ex\u00e9cutif","og_url":"https:\/\/congreso2021.feyalegria.org\/fr\/equipe-de-promotion\/","og_site_name":"XLVIII Congreso de la Federaci\u00f3n Internacional de Fe y Alegr\u00eda","og_image":[{"width":1200,"height":630,"url":"https:\/\/congreso2021.feyalegria.org\/wp-content\/uploads\/2021\/10\/Lapiz-1.jpg","type":"image\/jpeg"}],"twitter_card":"summary_large_image","twitter_image":"https:\/\/congreso2021.feyalegria.org\/wp-content\/uploads\/2021\/10\/Lapiz-1.jpg","twitter_misc":{"Dur\u00e9e de lecture estim\u00e9e":"2 minutes"},"schema":{"@context":"https:\/\/schema.org","@graph":[{"@type":"WebPage","@id":"https:\/\/congreso2021.feyalegria.org\/fr\/equipe-de-promotion\/","url":"https:\/\/congreso2021.feyalegria.org\/fr\/equipe-de-promotion\/","name":"\u00c9quipe de promotion - XLVIII Congreso de la Federaci\u00f3n Internacional de Fe y Alegr\u00eda","isPartOf":{"@id":"https:\/\/congreso2021.feyalegria.org\/fr\/#website"},"datePublished":"2021-12-08T14:33:12+00:00","breadcrumb":{"@id":"https:\/\/congreso2021.feyalegria.org\/fr\/equipe-de-promotion\/#breadcrumb"},"inLanguage":"fr-FR","potentialAction":[{"@type":"ReadAction","target":["https:\/\/congreso2021.feyalegria.org\/fr\/equipe-de-promotion\/"]}]},{"@type":"BreadcrumbList","@id":"https:\/\/congreso2021.feyalegria.org\/fr\/equipe-de-promotion\/#breadcrumb","itemListElement":[{"@type":"ListItem","position":1,"name":"Home","item":"https:\/\/congreso2021.feyalegria.org\/fr\/"},{"@type":"ListItem","position":2,"name":"\u00c9quipe de promotion"}]},{"@type":"WebSite","@id":"https:\/\/congreso2021.feyalegria.org\/fr\/#website","url":"https:\/\/congreso2021.feyalegria.org\/fr\/","name":"XLVIII Congreso de la Federaci\u00f3n Internacional de Fe y Alegr\u00eda","description":"#SomosFeyAlegria, movimiento global. Educamos en las fronteras. 28 de septiembre - 1 de octubre.","publisher":{"@id":"https:\/\/congreso2021.feyalegria.org\/fr\/#organization"},"potentialAction":[{"@type":"SearchAction","target":{"@type":"EntryPoint","urlTemplate":"https:\/\/congreso2021.feyalegria.org\/fr\/?s={search_term_string}"},"query-input":{"@type":"PropertyValueSpecification","valueRequired":true,"valueName":"search_term_string"}}],"inLanguage":"fr-FR"},{"@type":"Organization","@id":"https:\/\/congreso2021.feyalegria.org\/fr\/#organization","name":"XLVIII Congreso de la Federaci\u00f3n Internacional de Fe y Alegr\u00eda","url":"https:\/\/congreso2021.feyalegria.org\/fr\/","logo":{"@type":"ImageObject","inLanguage":"fr-FR","@id":"https:\/\/congreso2021.feyalegria.org\/fr\/#\/schema\/logo\/image\/","url":"https:\/\/congresos.feyalegria.org\/wp-content\/uploads\/2021\/10\/Lapiz-1.jpg","contentUrl":"https:\/\/congresos.feyalegria.org\/wp-content\/uploads\/2021\/10\/Lapiz-1.jpg","width":1200,"height":630,"caption":"XLVIII Congreso de la Federaci\u00f3n Internacional de Fe y Alegr\u00eda"},"image":{"@id":"https:\/\/congreso2021.feyalegria.org\/fr\/#\/schema\/logo\/image\/"}}]}},"_links":{"self":[{"href":"https:\/\/congreso2021.feyalegria.org\/fr\/wp-json\/wp\/v2\/pages\/5364","targetHints":{"allow":["GET"]}}],"collection":[{"href":"https:\/\/congreso2021.feyalegria.org\/fr\/wp-json\/wp\/v2\/pages"}],"about":[{"href":"https:\/\/congreso2021.feyalegria.org\/fr\/wp-json\/wp\/v2\/types\/page"}],"author":[{"embeddable":true,"href":"https:\/\/congreso2021.feyalegria.org\/fr\/wp-json\/wp\/v2\/users\/1"}],"replies":[{"embeddable":true,"href":"https:\/\/congreso2021.feyalegria.org\/fr\/wp-json\/wp\/v2\/comments?post=5364"}],"version-history":[{"count":4,"href":"https:\/\/congreso2021.feyalegria.org\/fr\/wp-json\/wp\/v2\/pages\/5364\/revisions"}],"predecessor-version":[{"id":5373,"href":"https:\/\/congreso2021.feyalegria.org\/fr\/wp-json\/wp\/v2\/pages\/5364\/revisions\/5373"}],"wp:attachment":[{"href":"https:\/\/congreso2021.feyalegria.org\/fr\/wp-json\/wp\/v2\/media?parent=5364"}],"curies":[{"name":"wp","href":"https:\/\/api.w.org\/{rel}","templated":true}]}}